{"id":283,"date":"2021-05-26T20:37:56","date_gmt":"2021-05-26T20:37:56","guid":{"rendered":"http:\/\/transparencia.upzmg.edu.mx\/?page_id=283"},"modified":"2021-06-04T15:56:57","modified_gmt":"2021-06-04T15:56:57","slug":"articulo-10","status":"publish","type":"page","link":"http:\/\/transparencia.upzmg.edu.mx\/?page_id=283","title":{"rendered":"Art\u00edculo 10."},"content":{"rendered":"\n<h3>Art\u00edculo 10. Informaci\u00f3n fundamental &#8211; Poder Ejecutivo<\/h3>\n\n\n\n<p>Es informaci\u00f3n p\u00fablica fundamental del Poder Ejectuivo.<\/p>\n\n\n\n<p class=\"has-black-color has-text-color has-background has-medium-font-size\" style=\"background-color:#dcdfe2\"><strong><a href=\"https:\/\/transparencia.info.jalisco.gob.mx\/transparencia\/informacion-fundamental\/13093\" target=\"_blank\" rel=\"noreferrer noopener\">I. La obligatoria para todos los sujetos obligados;<\/a><\/strong><\/p>\n\n\n\n<p class=\"has-black-color has-text-color has-background has-medium-font-size\" style=\"background-color:#dcdfe2\"><a rel=\"noreferrer noopener\" href=\"https:\/\/transparencia.info.jalisco.gob.mx\/transparencia\/informacion-fundamental\/13094\" target=\"_blank\"><strong>II. Los reglamentos, decretos, acuerdos y dem\u00e1s disposiciones jur\u00eddicas expedidas por el Gobernador del Estado.<\/strong><\/a><\/p>\n\n\n\n<p class=\"has-black-color has-text-color has-background has-medium-font-size\" style=\"background-color:#dcdfe2\"><a rel=\"noreferrer noopener\" href=\"https:\/\/transparencia.info.jalisco.gob.mx\/transparencia\/informacion-fundamental\/13096\" target=\"_blank\"><strong>III. Los instrumentos de planeaci\u00f3n del desarrollo del Estado y los regionales vigentes y sus modificaciones de cuando menos los \u00faltimos tres a\u00f1os;<\/strong><\/a><\/p>\n\n\n\n<p class=\"has-black-color has-text-color has-background has-medium-font-size\" style=\"background-color:#dcdfe2\"><a rel=\"noreferrer noopener\" href=\"https:\/\/transparencia.info.jalisco.gob.mx\/transparencia\/informacion-fundamental\/13097\" target=\"_blank\"><strong>IV. Los reglamentos internos, manuales y programas operativos anuales de toda dependencia o entidad p\u00fablica estatal vigentes y de cuando menos los tres a\u00f1os anteriores;<\/strong><\/a><\/p>\n\n\n\n<p class=\"has-black-color has-text-color has-background has-medium-font-size\" style=\"background-color:#dcdfe2\"><a rel=\"noreferrer noopener\" href=\"https:\/\/transparencia.info.jalisco.gob.mx\/transparencia\/informacion-fundamental\/13099\" target=\"_blank\"><strong>V. Las observaciones presentadas a las leyes o decretos del congreso, una vez que son turnadas por la Asamblea a las comisiones correspondientes;<\/strong><\/a><\/p>\n\n\n\n<p class=\"has-black-color has-text-color has-background has-medium-font-size\" style=\"background-color:#dcdfe2\"><a rel=\"noreferrer noopener\" href=\"http:\/\/periodicooficial.jalisco.gob.mx\/\" target=\"_blank\"><strong>VI. El Peri\u00f3dico Oficial &#8220;El Estado de Jalisco&#8221;;<\/strong><\/a><a rel=\"noreferrer noopener\" href=\"https:\/\/transparencia.info.jalisco.gob.mx\/transparencia\/informacion-fundamental\/13100\" target=\"_blank\"><strong>VII. La informaci\u00f3n de los registros p\u00fablicos que opere.<\/strong><\/a><\/p>\n\n\n\n<p class=\"has-black-color has-text-color has-background has-medium-font-size\" style=\"background-color:#dcdfe2\"><a rel=\"noreferrer noopener\" href=\"https:\/\/transparencia.info.jalisco.gob.mx\/transparencia\/informacion-fundamental\/13102\" target=\"_blank\"><strong>VIII. Las transferencias presupuestales autorizadas por el Gobernador del Estado, donde se se\u00f1ale como m\u00ednimo, las partidas de origen y destino, el monto, la fecha y la justificaci\u00f3n de la transferencia;<\/strong><\/a><\/p>\n\n\n\n<p class=\"has-black-color has-text-color has-background has-medium-font-size\" style=\"background-color:#dcdfe2\"><strong>IX. Los recursos materiales, humanos y financieros asignados a cada dependencia y entidad de la administraci\u00f3n p\u00fablica estatal, detallando los correspondientes a cada unidad administrativa al interior de las mismas;<\/strong><\/p>\n\n\n\n<p class=\"has-black-color has-text-color has-background has-medium-font-size\" style=\"background-color:#dcdfe2\"><a rel=\"noreferrer noopener\" href=\"https:\/\/transparencia.info.jalisco.gob.mx\/transparencia\/informacion-fundamental\/13108\" target=\"_blank\"><strong>X. La lista de los servidores p\u00fablicos del Poder Ejecutivo que no hayan presentado su declaraci\u00f3n de situaci\u00f3n patrimonial, conforme a la ley;<\/strong><\/a><\/p>\n\n\n\n<p class=\"has-black-color has-text-color has-background has-medium-font-size\" style=\"background-color:#dcdfe2\"><a rel=\"noreferrer noopener\" href=\"https:\/\/transparencia.info.jalisco.gob.mx\/transparencia\/informacion-fundamental\/13109\" target=\"_blank\"><strong>XI. Las estad\u00edsticas e indicadores relativos a la procuraci\u00f3n de justicia;<\/strong><\/a><\/p>\n\n\n\n<p class=\"has-black-color has-text-color has-background has-medium-font-size\" style=\"background-color:#dcdfe2\"><a rel=\"noreferrer noopener\" href=\"https:\/\/transparencia.info.jalisco.gob.mx\/transparencia\/informacion-fundamental\/11399\" target=\"_blank\"><strong>XII. El informe de los procedimientos administrativos de responsabilidad de los notarios en los que participe, una vez que hayan sido publicados en el Peri\u00f3dico Oficial \u201cEl Estado de Jalisco\u201d;<\/strong><\/a><\/p>\n\n\n\n<p class=\"has-black-color has-text-color has-background has-medium-font-size\" style=\"background-color:#dcdfe2\"><a rel=\"noreferrer noopener\" href=\"https:\/\/transparencia.info.jalisco.gob.mx\/transparencia\/informacion-fundamental\/13110\" target=\"_blank\"><strong>XIII. El procedimiento para el otorgamiento de becas e incorporaci\u00f3n de estudios en el \u00e1mbito estatal, as\u00ed como el listado de resultados; y<\/strong><\/a><\/p>\n\n\n\n<p class=\"has-black-color has-text-color has-background has-medium-font-size\" style=\"background-color:#dcdfe2\"><a rel=\"noreferrer noopener\" href=\"https:\/\/transparencia.info.jalisco.gob.mx\/transparencia\/informacion-fundamental\/13111\" target=\"_blank\"><strong>XIV. La informaci\u00f3n relativa a la implementaci\u00f3n del presupuesto participativo desde su planeaci\u00f3n hasta su ejecuci\u00f3n<\/strong><\/a><\/p>\n\n\n\n<p class=\"has-black-color has-text-color has-background has-medium-font-size\" style=\"background-color:#dcdfe2\"><a rel=\"noreferrer noopener\" href=\"https:\/\/transparencia.info.jalisco.gob.mx\/transparencia\/informacion-fundamental\/13112\" target=\"_blank\"><strong>XV. La que establezca el Reglamento Interno de Informaci\u00f3n P\u00fablica del Poder Ejecutivo y la Administraci\u00f3n P\u00fablica Estatal<\/strong><\/a><\/p>\n","protected":false},"excerpt":{"rendered":"<p>Art\u00edculo 10. Informaci\u00f3n fundamental &#8211; Poder Ejecutivo Es informaci\u00f3n p\u00fablica fundamental del Poder Ejectuivo. I. La obligatoria para todos los sujetos obligados; II. Los reglamentos,<a href=\"http:\/\/transparencia.upzmg.edu.mx\/?page_id=283\" class=\"more-link\">Ver m\u00e1s<\/a><\/p>\n","protected":false},"author":1,"featured_media":0,"parent":0,"menu_order":0,"comment_status":"closed","ping_status":"closed","template":"","meta":[],"_links":{"self":[{"href":"http:\/\/transparencia.upzmg.edu.mx\/index.php?rest_route=\/wp\/v2\/pages\/283"}],"collection":[{"href":"http:\/\/transparencia.upzmg.edu.mx\/index.php?rest_route=\/wp\/v2\/pages"}],"about":[{"href":"http:\/\/transparencia.upzmg.edu.mx\/index.php?rest_route=\/wp\/v2\/types\/page"}],"author":[{"embeddable":true,"href":"http:\/\/transparencia.upzmg.edu.mx\/index.php?rest_route=\/wp\/v2\/users\/1"}],"replies":[{"embeddable":true,"href":"http:\/\/transparencia.upzmg.edu.mx\/index.php?rest_route=%2Fwp%2Fv2%2Fcomments&post=283"}],"version-history":[{"count":8,"href":"http:\/\/transparencia.upzmg.edu.mx\/index.php?rest_route=\/wp\/v2\/pages\/283\/revisions"}],"predecessor-version":[{"id":380,"href":"http:\/\/transparencia.upzmg.edu.mx\/index.php?rest_route=\/wp\/v2\/pages\/283\/revisions\/380"}],"wp:attachment":[{"href":"http:\/\/transparencia.upzmg.edu.mx\/index.php?rest_route=%2Fwp%2Fv2%2Fmedia&parent=283"}],"curies":[{"name":"wp","href":"https:\/\/api.w.org\/{rel}","templated":true}]}}