{"id":31,"date":"2021-04-21T16:28:43","date_gmt":"2021-04-21T16:28:43","guid":{"rendered":"http:\/\/transparencia.upzmg.edu.mx\/?page_id=31"},"modified":"2021-06-04T14:56:43","modified_gmt":"2021-06-04T14:56:43","slug":"inicio","status":"publish","type":"page","link":"http:\/\/transparencia.upzmg.edu.mx\/","title":{"rendered":"Inicio"},"content":{"rendered":"\n<h2><strong>MISI\u00d3N<\/strong><\/h2>\n\n\n\n<p class=\"has-text-align-left has-medium-font-size\"><strong>Somos una Instituci\u00f3n de educaci\u00f3n superior que forma profesionistas competitivos, con valores, conocimientos y pr\u00e1ctica en el \u00e1rea cient\u00edfica y tecnol\u00f3gica; a trav\u00e9s de la educaci\u00f3n integral basada en competencias. Desarrollamos e impulsamos la investigaci\u00f3n e innovaci\u00f3n tecnol\u00f3gica.<\/strong><\/p>\n","protected":false},"excerpt":{"rendered":"<p>MISI\u00d3N Somos una Instituci\u00f3n de educaci\u00f3n superior que forma profesionistas competitivos, con valores, conocimientos y pr\u00e1ctica en el \u00e1rea cient\u00edfica y tecnol\u00f3gica; a trav\u00e9s de<a href=\"http:\/\/transparencia.upzmg.edu.mx\/\" class=\"more-link\">Ver m\u00e1s<\/a><\/p>\n","protected":false},"author":1,"featured_media":0,"parent":0,"menu_order":0,"comment_status":"closed","ping_status":"closed","template":"page-templates\/contact-template.php","meta":[],"_links":{"self":[{"href":"http:\/\/transparencia.upzmg.edu.mx\/index.php?rest_route=\/wp\/v2\/pages\/31"}],"collection":[{"href":"http:\/\/transparencia.upzmg.edu.mx\/index.php?rest_route=\/wp\/v2\/pages"}],"about":[{"href":"http:\/\/transparencia.upzmg.edu.mx\/index.php?rest_route=\/wp\/v2\/types\/page"}],"author":[{"embeddable":true,"href":"http:\/\/transparencia.upzmg.edu.mx\/index.php?rest_route=\/wp\/v2\/users\/1"}],"replies":[{"embeddable":true,"href":"http:\/\/transparencia.upzmg.edu.mx\/index.php?rest_route=%2Fwp%2Fv2%2Fcomments&post=31"}],"version-history":[{"count":4,"href":"http:\/\/transparencia.upzmg.edu.mx\/index.php?rest_route=\/wp\/v2\/pages\/31\/revisions"}],"predecessor-version":[{"id":42,"href":"http:\/\/transparencia.upzmg.edu.mx\/index.php?rest_route=\/wp\/v2\/pages\/31\/revisions\/42"}],"wp:attachment":[{"href":"http:\/\/transparencia.upzmg.edu.mx\/index.php?rest_route=%2Fwp%2Fv2%2Fmedia&parent=31"}],"curies":[{"name":"wp","href":"https:\/\/api.w.org\/{rel}","templated":true}]}}