{"id":325,"date":"2021-06-04T14:11:10","date_gmt":"2021-06-04T14:11:10","guid":{"rendered":"http:\/\/transparencia.upzmg.edu.mx\/?page_id=325"},"modified":"2021-06-04T15:39:55","modified_gmt":"2021-06-04T15:39:55","slug":"articulo-16-quater","status":"publish","type":"page","link":"http:\/\/transparencia.upzmg.edu.mx\/?page_id=325","title":{"rendered":"Art\u00edculo 16-Qu\u00e1ter"},"content":{"rendered":"\n<h3>Art\u00edculo 16-Qu\u00e1ter. Informaci\u00f3n fundamental &#8211; Sindicatos<\/h3>\n\n\n\n<p>Informaci\u00f3n fundamental &#8211; Sindicatos.<\/p>\n\n\n\n<h3 class=\"has-background has-medium-font-size\" id=\"ui-accordion-quickset-articulo_16_quater-header-0\" style=\"background-color:#dcdfe2\">I. Contratos y convenios entre sindicatos y autoridades, as\u00ed como las condiciones generales de trabajo;<\/h3>\n\n\n\n<h3 class=\"has-background has-medium-font-size\" id=\"ui-accordion-quickset-articulo_16_quater-header-1\" style=\"background-color:#dcdfe2\">II. El directorio del Comit\u00e9 Ejecutivo;<\/h3>\n\n\n\n<h3 class=\"has-background has-medium-font-size\" id=\"ui-accordion-quickset-articulo_16_quater-header-2\" style=\"background-color:#dcdfe2\">III. El padr\u00f3n de socios; y<\/h3>\n\n\n\n<h3 class=\"has-background has-medium-font-size\" id=\"ui-accordion-quickset-articulo_16_quater-header-3\" style=\"background-color:#dcdfe2\">IV. La relaci\u00f3n detallada de los recursos p\u00fablicos econ\u00f3micos, en especie, bienes o donativos que reciban y el informe detallado<\/h3>\n\n\n\n<p><\/p>\n","protected":false},"excerpt":{"rendered":"<p>Art\u00edculo 16-Qu\u00e1ter. Informaci\u00f3n fundamental &#8211; Sindicatos Informaci\u00f3n fundamental &#8211; Sindicatos. I. Contratos y convenios entre sindicatos y autoridades, as\u00ed como las condiciones generales de trabajo;<a href=\"http:\/\/transparencia.upzmg.edu.mx\/?page_id=325\" class=\"more-link\">Ver m\u00e1s<\/a><\/p>\n","protected":false},"author":1,"featured_media":0,"parent":0,"menu_order":0,"comment_status":"closed","ping_status":"closed","template":"","meta":[],"_links":{"self":[{"href":"http:\/\/transparencia.upzmg.edu.mx\/index.php?rest_route=\/wp\/v2\/pages\/325"}],"collection":[{"href":"http:\/\/transparencia.upzmg.edu.mx\/index.php?rest_route=\/wp\/v2\/pages"}],"about":[{"href":"http:\/\/transparencia.upzmg.edu.mx\/index.php?rest_route=\/wp\/v2\/types\/page"}],"author":[{"embeddable":true,"href":"http:\/\/transparencia.upzmg.edu.mx\/index.php?rest_route=\/wp\/v2\/users\/1"}],"replies":[{"embeddable":true,"href":"http:\/\/transparencia.upzmg.edu.mx\/index.php?rest_route=%2Fwp%2Fv2%2Fcomments&post=325"}],"version-history":[{"count":3,"href":"http:\/\/transparencia.upzmg.edu.mx\/index.php?rest_route=\/wp\/v2\/pages\/325\/revisions"}],"predecessor-version":[{"id":369,"href":"http:\/\/transparencia.upzmg.edu.mx\/index.php?rest_route=\/wp\/v2\/pages\/325\/revisions\/369"}],"wp:attachment":[{"href":"http:\/\/transparencia.upzmg.edu.mx\/index.php?rest_route=%2Fwp%2Fv2%2Fmedia&parent=325"}],"curies":[{"name":"wp","href":"https:\/\/api.w.org\/{rel}","templated":true}]}}